{"id":75,"date":"2026-02-20T10:43:08","date_gmt":"2026-02-20T10:43:08","guid":{"rendered":"https:\/\/rotaryclubtaroudantdoyen.com\/?page_id=75"},"modified":"2026-02-20T13:12:00","modified_gmt":"2026-02-20T13:12:00","slug":"accueil","status":"publish","type":"page","link":"https:\/\/rotaryclubtaroudantdoyen.com\/","title":{"rendered":"Accueil"},"content":{"rendered":"\n<div class=\"wp-block-cover alignfull\"><img loading=\"lazy\" decoding=\"async\" width=\"1024\" height=\"512\" class=\"wp-block-cover__image-background wp-image-43\" alt=\"\" src=\"http:\/\/rotaryclubtaroudantdoyen.com\/wp-content\/uploads\/2026\/02\/Taroudant-1024x512.jpg\" data-object-fit=\"cover\" srcset=\"https:\/\/rotaryclubtaroudantdoyen.com\/wp-content\/uploads\/2026\/02\/Taroudant-1024x512.jpg 1024w, https:\/\/rotaryclubtaroudantdoyen.com\/wp-content\/uploads\/2026\/02\/Taroudant-300x150.jpg 300w, https:\/\/rotaryclubtaroudantdoyen.com\/wp-content\/uploads\/2026\/02\/Taroudant-768x384.jpg 768w, https:\/\/rotaryclubtaroudantdoyen.com\/wp-content\/uploads\/2026\/02\/Taroudant-1536x768.jpg 1536w, https:\/\/rotaryclubtaroudantdoyen.com\/wp-content\/uploads\/2026\/02\/Taroudant.jpg 1585w\" sizes=\"auto, (max-width: 1024px) 100vw, 1024px\" \/><span aria-hidden=\"true\" class=\"wp-block-cover__background has-background-dim\"><\/span><div class=\"wp-block-cover__inner-container is-layout-flow wp-block-cover-is-layout-flow\">\n<h1 class=\"wp-block-heading has-text-align-center has-ast-global-color-1-color has-text-color has-link-color wp-elements-e2df25237116ae6246fdd6a2dfc7d061\" style=\"font-size:75px\"><strong>Rotary Club Taroudant Doyen<\/strong><\/h1>\n\n\n\n<h2 class=\"wp-block-heading has-text-align-center has-ast-global-color-1-color has-text-color has-link-color has-x-large-font-size wp-elements-07adc6aa6b2f0b9ba2aca427bb4969e5\">\u00ab Servir d\u2019abord \u2013 Ensemble pour Taroudant \u00bb<\/h2>\n<\/div><\/div>\n\n\n\n<div class=\"wp-block-columns has-ast-global-color-4-color has-text-color has-link-color wp-elements-29ffe2a820a166bdf938ce1f6d39677a is-layout-flex wp-container-core-columns-is-layout-cb391cf5 wp-block-columns-is-layout-flex\" style=\"padding-top:10%;padding-right:10%;padding-bottom:10%;padding-left:10%\">\n<div class=\"wp-block-column is-vertically-aligned-center is-layout-flow wp-block-column-is-layout-flow\" style=\"padding-right:40px;padding-left:40px;flex-basis:33.33%\">\n<figure class=\"wp-block-image size-large wp-elements-8259408aff69d0f5b7940fb6e8c8d7c3\" style=\"font-size:50px\"><img loading=\"lazy\" decoding=\"async\" width=\"1024\" height=\"683\" src=\"http:\/\/rotaryclubtaroudantdoyen.com\/wp-content\/uploads\/2026\/02\/20220407_US_088-1024x683.jpg\" alt=\"\" class=\"wp-image-142\" srcset=\"https:\/\/rotaryclubtaroudantdoyen.com\/wp-content\/uploads\/2026\/02\/20220407_US_088-1024x683.jpg 1024w, https:\/\/rotaryclubtaroudantdoyen.com\/wp-content\/uploads\/2026\/02\/20220407_US_088-300x200.jpg 300w, https:\/\/rotaryclubtaroudantdoyen.com\/wp-content\/uploads\/2026\/02\/20220407_US_088-768x512.jpg 768w, https:\/\/rotaryclubtaroudantdoyen.com\/wp-content\/uploads\/2026\/02\/20220407_US_088-1536x1024.jpg 1536w, https:\/\/rotaryclubtaroudantdoyen.com\/wp-content\/uploads\/2026\/02\/20220407_US_088-2048x1365.jpg 2048w\" sizes=\"auto, (max-width: 1024px) 100vw, 1024px\" \/><\/figure>\n<\/div>\n\n\n\n<div class=\"wp-block-column is-layout-flow wp-block-column-is-layout-flow\" style=\"padding-right:40px;padding-left:40px;flex-basis:66.66%\">\n<h2 class=\"wp-block-heading alignfull\" style=\"font-size:50px\">Le Rotary Club Taroudant Doyen<\/h2>\n\n\n\n<p class=\"has-ast-global-color-3-color has-text-color has-link-color wp-elements-9f7176eb05c2b74792eb53686f26c8c7\">Notre club d\u00e9ploie son \u00e9nergie aussi bien au niveau <strong>local<\/strong> qu&rsquo;<strong>international<\/strong>, en tissant des partenariats strat\u00e9giques avec des acteurs de terrain pour apporter un soutien durable aux <strong>familles<\/strong>, aux <strong>enfants<\/strong> et aux <strong>structures scolaires<\/strong>. En tant qu\u2019\u00e9quipe de <strong>b\u00e9n\u00e9voles engag\u00e9s<\/strong>, nous portons haut les valeurs d&rsquo;entraide et d&rsquo;\u00e9thique de notre club local, fi\u00e8rement affili\u00e9 au <strong>Rotary International<\/strong>. Cette force collective nous permet de transformer des id\u00e9es solidaires en actions concr\u00e8tes et p\u00e9rennes, afin d&rsquo;am\u00e9liorer durablement les conditions de vie au c\u0153ur de nos communaut\u00e9s.<\/p>\n\n\n\n<div style=\"height:35px\" aria-hidden=\"true\" class=\"wp-block-spacer\"><\/div>\n\n\n\n<div class=\"wp-block-buttons is-layout-flex wp-block-buttons-is-layout-flex\">\n<div class=\"wp-block-button\"><a class=\"wp-block-button__link wp-element-button\">En savoir plus<\/a><\/div>\n<\/div>\n<\/div>\n<\/div>\n\n\n\n<div class=\"wp-block-columns has-ast-global-color-4-color has-ast-global-color-0-background-color has-text-color has-background has-link-color wp-elements-51909d19eafa0399d72353f880c297a9 is-layout-flex wp-container-core-columns-is-layout-cb391cf5 wp-block-columns-is-layout-flex\" style=\"padding-top:10%;padding-right:10%;padding-bottom:10%;padding-left:10%\">\n<div class=\"wp-block-column is-layout-flow wp-block-column-is-layout-flow\" style=\"padding-right:40px;padding-left:40px;flex-basis:66.66%\">\n<h2 class=\"wp-block-heading has-ast-global-color-1-color has-text-color has-link-color wp-elements-e48182bdb792cf6cc1d2d63a4e515798\" style=\"font-size:50px\">Nos actions<\/h2>\n\n\n\n<p>Notre mission fondamentale consiste \u00e0 concevoir et \u00e0 piloter des <strong>projets sociaux durables<\/strong> ainsi que des <strong>actions humanitaires<\/strong> concr\u00e8tes, principalement ax\u00e9s sur les secteurs vitaux de la <strong>sant\u00e9<\/strong> et de l&rsquo;<strong>\u00e9ducation<\/strong>. Nous croyons fermement que l&rsquo;acc\u00e8s aux soins et au savoir est le levier principal du d\u00e9veloppement. Parall\u00e8lement \u00e0 ces engagements, nous d\u00e9ployons des initiatives dynamiques en faveur de la <strong>jeunesse<\/strong>, afin d&rsquo;accompagner les nouvelles g\u00e9n\u00e9rations vers l&rsquo;autonomie et de leur offrir des perspectives d&rsquo;avenir solides au sein de leur communaut\u00e9.<\/p>\n\n\n\n<div style=\"height:35px\" aria-hidden=\"true\" class=\"wp-block-spacer\"><\/div>\n\n\n\n<div class=\"wp-block-columns is-layout-flex wp-container-core-columns-is-layout-28f84493 wp-block-columns-is-layout-flex\">\n<div class=\"wp-block-column is-layout-flow wp-block-column-is-layout-flow\">\n<div class=\"wp-block-buttons is-layout-flex wp-block-buttons-is-layout-flex\">\n<div class=\"wp-block-button\"><a class=\"wp-block-button__link wp-element-button\">Nos actions<\/a><\/div>\n<\/div>\n<\/div>\n\n\n\n<div class=\"wp-block-column is-layout-flow wp-block-column-is-layout-flow\">\n<div class=\"wp-block-buttons is-layout-flex wp-block-buttons-is-layout-flex\">\n<div class=\"wp-block-button\"><a class=\"wp-block-button__link wp-element-button\">Agenda<\/a><\/div>\n<\/div>\n<\/div>\n\n\n\n<div class=\"wp-block-column is-layout-flow wp-block-column-is-layout-flow\">\n<div class=\"wp-block-buttons is-layout-flex wp-block-buttons-is-layout-flex\">\n<div class=\"wp-block-button\"><a class=\"wp-block-button__link wp-element-button\">Nos r\u00e9alisations<\/a><\/div>\n<\/div>\n<\/div>\n<\/div>\n<\/div>\n\n\n\n<div class=\"wp-block-column is-vertically-aligned-center is-layout-flow wp-block-column-is-layout-flow\" style=\"flex-basis:33.33%\">\n<figure class=\"wp-block-image alignfull size-full\"><img loading=\"lazy\" decoding=\"async\" width=\"2560\" height=\"1707\" src=\"https:\/\/rotaryclubtaroudantdoyen.com\/wp-content\/uploads\/2026\/02\/20161118_BR_397-scaled.jpg\" alt=\"\" class=\"wp-image-141\" srcset=\"https:\/\/rotaryclubtaroudantdoyen.com\/wp-content\/uploads\/2026\/02\/20161118_BR_397-scaled.jpg 2560w, https:\/\/rotaryclubtaroudantdoyen.com\/wp-content\/uploads\/2026\/02\/20161118_BR_397-300x200.jpg 300w, https:\/\/rotaryclubtaroudantdoyen.com\/wp-content\/uploads\/2026\/02\/20161118_BR_397-1024x683.jpg 1024w, https:\/\/rotaryclubtaroudantdoyen.com\/wp-content\/uploads\/2026\/02\/20161118_BR_397-768x512.jpg 768w, https:\/\/rotaryclubtaroudantdoyen.com\/wp-content\/uploads\/2026\/02\/20161118_BR_397-1536x1024.jpg 1536w, https:\/\/rotaryclubtaroudantdoyen.com\/wp-content\/uploads\/2026\/02\/20161118_BR_397-2048x1365.jpg 2048w\" sizes=\"auto, (max-width: 2560px) 100vw, 2560px\" \/><\/figure>\n<\/div>\n<\/div>\n\n\n\n<p><\/p>\n","protected":false},"excerpt":{"rendered":"<p>Le Rotary Club Taroudant Doyen Notre club d\u00e9ploie son \u00e9nergie aussi bien au niveau local qu&rsquo;international, en tissant des partenariats [&hellip;]<\/p>\n","protected":false},"author":1,"featured_media":0,"parent":0,"menu_order":0,"comment_status":"closed","ping_status":"closed","template":"","meta":{"site-sidebar-layout":"default","site-content-layout":"","ast-site-content-layout":"default","site-content-style":"default","site-sidebar-style":"default","ast-global-header-display":"","ast-banner-title-visibility":"","ast-main-header-display":"","ast-hfb-above-header-display":"","ast-hfb-below-header-display":"","ast-hfb-mobile-header-display":"","site-post-title":"disabled","ast-breadcrumbs-content":"","ast-featured-img":"","footer-sml-layout":"","ast-disable-related-posts":"","theme-transparent-header-meta":"","adv-header-id-meta":"","stick-header-meta":"","header-above-stick-meta":"","header-main-stick-meta":"","header-below-stick-meta":"","astra-migrate-meta-layouts":"default","ast-page-background-enabled":"default","ast-page-background-meta":{"desktop":{"background-color":"var(--ast-global-color-5)","background-image":"","background-repeat":"repeat","background-position":"center center","background-size":"auto","background-attachment":"scroll","background-type":"","background-media":"","overlay-type":"","overlay-color":"","overlay-opacity":"","overlay-gradient":""},"tablet":{"background-color":"","background-image":"","background-repeat":"repeat","background-position":"center center","background-size":"auto","background-attachment":"scroll","background-type":"","background-media":"","overlay-type":"","overlay-color":"","overlay-opacity":"","overlay-gradient":""},"mobile":{"background-color":"","background-image":"","background-repeat":"repeat","background-position":"center center","background-size":"auto","background-attachment":"scroll","background-type":"","background-media":"","overlay-type":"","overlay-color":"","overlay-opacity":"","overlay-gradient":""}},"ast-content-background-meta":{"desktop":{"background-color":"var(--ast-global-color-4)","background-image":"","background-repeat":"repeat","background-position":"center center","background-size":"auto","background-attachment":"scroll","background-type":"","background-media":"","overlay-type":"","overlay-color":"","overlay-opacity":"","overlay-gradient":""},"tablet":{"background-color":"var(--ast-global-color-4)","background-image":"","background-repeat":"repeat","background-position":"center center","background-size":"auto","background-attachment":"scroll","background-type":"","background-media":"","overlay-type":"","overlay-color":"","overlay-opacity":"","overlay-gradient":""},"mobile":{"background-color":"var(--ast-global-color-4)","background-image":"","background-repeat":"repeat","background-position":"center center","background-size":"auto","background-attachment":"scroll","background-type":"","background-media":"","overlay-type":"","overlay-color":"","overlay-opacity":"","overlay-gradient":""}},"footnotes":""},"class_list":["post-75","page","type-page","status-publish","hentry"],"_links":{"self":[{"href":"https:\/\/rotaryclubtaroudantdoyen.com\/index.php\/wp-json\/wp\/v2\/pages\/75","targetHints":{"allow":["GET"]}}],"collection":[{"href":"https:\/\/rotaryclubtaroudantdoyen.com\/index.php\/wp-json\/wp\/v2\/pages"}],"about":[{"href":"https:\/\/rotaryclubtaroudantdoyen.com\/index.php\/wp-json\/wp\/v2\/types\/page"}],"author":[{"embeddable":true,"href":"https:\/\/rotaryclubtaroudantdoyen.com\/index.php\/wp-json\/wp\/v2\/users\/1"}],"replies":[{"embeddable":true,"href":"https:\/\/rotaryclubtaroudantdoyen.com\/index.php\/wp-json\/wp\/v2\/comments?post=75"}],"version-history":[{"count":31,"href":"https:\/\/rotaryclubtaroudantdoyen.com\/index.php\/wp-json\/wp\/v2\/pages\/75\/revisions"}],"predecessor-version":[{"id":163,"href":"https:\/\/rotaryclubtaroudantdoyen.com\/index.php\/wp-json\/wp\/v2\/pages\/75\/revisions\/163"}],"wp:attachment":[{"href":"https:\/\/rotaryclubtaroudantdoyen.com\/index.php\/wp-json\/wp\/v2\/media?parent=75"}],"curies":[{"name":"wp","href":"https:\/\/api.w.org\/{rel}","templated":true}]}}