{"id":102,"date":"2026-02-20T11:37:18","date_gmt":"2026-02-20T11:37:18","guid":{"rendered":"https:\/\/rotaryclubtaroudantdoyen.com\/?page_id=102"},"modified":"2026-02-20T13:15:44","modified_gmt":"2026-02-20T13:15:44","slug":"a-propos-de-nous","status":"publish","type":"page","link":"https:\/\/rotaryclubtaroudantdoyen.com\/index.php\/a-propos-de-nous\/","title":{"rendered":"A propos de nous"},"content":{"rendered":"\n<div class=\"wp-block-cover\"><img loading=\"lazy\" decoding=\"async\" width=\"1024\" height=\"683\" class=\"wp-block-cover__image-background wp-image-142\" alt=\"\" src=\"http:\/\/rotaryclubtaroudantdoyen.com\/wp-content\/uploads\/2026\/02\/20220407_US_088-1024x683.jpg\" data-object-fit=\"cover\" srcset=\"https:\/\/rotaryclubtaroudantdoyen.com\/wp-content\/uploads\/2026\/02\/20220407_US_088-1024x683.jpg 1024w, https:\/\/rotaryclubtaroudantdoyen.com\/wp-content\/uploads\/2026\/02\/20220407_US_088-300x200.jpg 300w, https:\/\/rotaryclubtaroudantdoyen.com\/wp-content\/uploads\/2026\/02\/20220407_US_088-768x512.jpg 768w, https:\/\/rotaryclubtaroudantdoyen.com\/wp-content\/uploads\/2026\/02\/20220407_US_088-1536x1024.jpg 1536w, https:\/\/rotaryclubtaroudantdoyen.com\/wp-content\/uploads\/2026\/02\/20220407_US_088-2048x1365.jpg 2048w\" sizes=\"auto, (max-width: 1024px) 100vw, 1024px\" \/><span aria-hidden=\"true\" class=\"wp-block-cover__background has-background-dim\"><\/span><div class=\"wp-block-cover__inner-container is-layout-flow wp-block-cover-is-layout-flow\">\n<h2 class=\"wp-block-heading has-text-align-center has-ast-global-color-1-color has-text-color has-link-color has-x-large-font-size wp-elements-8480ae8aac53d55260880935b0b9365a\">Qui nous sommes<\/h2>\n<\/div><\/div>\n\n\n\n<div class=\"wp-block-columns has-ast-global-color-4-color has-text-color has-link-color wp-elements-3b9b1c254c82affbcd2a3d1a8ab6e7c7 is-layout-flex wp-container-core-columns-is-layout-cb391cf5 wp-block-columns-is-layout-flex\" style=\"padding-top:10%;padding-right:10%;padding-bottom:10%;padding-left:10%\">\n<div class=\"wp-block-column is-vertically-aligned-center is-layout-flow wp-block-column-is-layout-flow\" style=\"padding-right:40px;padding-left:40px;flex-basis:33.33%\">\n<figure class=\"wp-block-image size-large wp-elements-8259408aff69d0f5b7940fb6e8c8d7c3\" style=\"font-size:50px\"><img loading=\"lazy\" decoding=\"async\" width=\"1024\" height=\"683\" src=\"http:\/\/rotaryclubtaroudantdoyen.com\/wp-content\/uploads\/2026\/02\/20220407_US_088-1024x683.jpg\" alt=\"\" class=\"wp-image-142\" srcset=\"https:\/\/rotaryclubtaroudantdoyen.com\/wp-content\/uploads\/2026\/02\/20220407_US_088-1024x683.jpg 1024w, https:\/\/rotaryclubtaroudantdoyen.com\/wp-content\/uploads\/2026\/02\/20220407_US_088-300x200.jpg 300w, https:\/\/rotaryclubtaroudantdoyen.com\/wp-content\/uploads\/2026\/02\/20220407_US_088-768x512.jpg 768w, https:\/\/rotaryclubtaroudantdoyen.com\/wp-content\/uploads\/2026\/02\/20220407_US_088-1536x1024.jpg 1536w, https:\/\/rotaryclubtaroudantdoyen.com\/wp-content\/uploads\/2026\/02\/20220407_US_088-2048x1365.jpg 2048w\" sizes=\"auto, (max-width: 1024px) 100vw, 1024px\" \/><\/figure>\n<\/div>\n\n\n\n<div class=\"wp-block-column is-layout-flow wp-block-column-is-layout-flow\" style=\"padding-right:40px;padding-left:40px;flex-basis:66.66%\">\n<h2 class=\"wp-block-heading alignfull\" style=\"font-size:50px\">Notre club<\/h2>\n\n\n\n<p class=\"has-ast-global-color-3-color has-text-color has-link-color wp-elements-434597eb18e68a26bb562db19b377572\">Le <strong>Rotary Club Taroudant Doyen<\/strong> constitue une synergie dynamique de <strong>femmes et d\u2019hommes engag\u00e9s<\/strong>, issus de <strong>parcours professionnels vari\u00e9s<\/strong> et compl\u00e9mentaires. Cette diversit\u00e9 de profils permet de mobiliser des <strong>comp\u00e9tences techniques<\/strong>, des <strong>exp\u00e9riences solides<\/strong> et des <strong>r\u00e9seaux d&rsquo;influence<\/strong> pr\u00e9cieux, tous mis au service exclusif de la <strong>communaut\u00e9 locale<\/strong>. Plus qu&rsquo;une simple organisation, le Rotary Club Taroudant Doyen est une v\u00e9ritable <strong>\u00e9quipe soud\u00e9e<\/strong> par des liens d\u2019<strong>amiti\u00e9 sinc\u00e8re<\/strong> et une \u00e9thique commune du <strong>don de soi<\/strong>. Nous partageons la conviction profonde que la force de l\u2019<strong>action collective<\/strong> est l&rsquo;outil le plus puissant pour transformer durablement les r\u00e9alit\u00e9s sociales et apporter des <strong>am\u00e9liorations concr\u00e8tes<\/strong> au quotidien des citoyens de notre r\u00e9gion.<\/p>\n\n\n\n<div style=\"height:35px\" aria-hidden=\"true\" class=\"wp-block-spacer\"><\/div>\n<\/div>\n<\/div>\n\n\n\n<div class=\"wp-block-columns has-ast-global-color-4-color has-ast-global-color-0-background-color has-text-color has-background has-link-color wp-elements-4a5a90f41039d415b52e8c5918f25496 is-layout-flex wp-container-core-columns-is-layout-cb391cf5 wp-block-columns-is-layout-flex\" style=\"padding-top:10%;padding-right:10%;padding-bottom:10%;padding-left:10%\">\n<div class=\"wp-block-column is-layout-flow wp-block-column-is-layout-flow\" style=\"padding-right:40px;padding-left:40px;flex-basis:66.66%\">\n<h2 class=\"wp-block-heading has-ast-global-color-1-color has-text-color has-link-color wp-elements-43f67c54f8bfd3766d025a62b88cdc8f\" style=\"font-size:50px\">Nos membres<\/h2>\n\n\n\n<p>En tant qu\u2019<strong>association dynamique<\/strong> et ouverte, nous accueillons avec un immense enthousiasme de <strong>nouveaux membres<\/strong> d\u00e9sireux de mettre leur \u00e9nergie au profit de nos causes. Cet engagement b\u00e9n\u00e9vole est le moteur essentiel qui nous permet de <strong>d\u00e9velopper nos actions<\/strong> et d&rsquo;accro\u00eetre notre impact sur le terrain. Fid\u00e8les \u00e0 nos principes de <strong>gouvernance d\u00e9mocratique<\/strong>, nous proc\u00e9dons chaque ann\u00e9e \u00e0 l&rsquo;\u00e9lection de notre <strong>bureau<\/strong>, garantissant ainsi un renouvellement r\u00e9gulier de nos visions et de nos projets. Pour la mandature <strong>2025\/2026<\/strong>, nous avons le plaisir d&rsquo;annoncer que la pr\u00e9sidence de l&rsquo;association sera assur\u00e9e par <strong>M. Hicham ASAFIR<\/strong>, qui aura pour mission de coordonner nos ambitions pour cette nouvelle ann\u00e9e sociale.<\/p>\n\n\n\n<div style=\"height:35px\" aria-hidden=\"true\" class=\"wp-block-spacer\"><\/div>\n\n\n\n<div class=\"wp-block-buttons is-layout-flex wp-block-buttons-is-layout-flex\">\n<div class=\"wp-block-button\"><a class=\"wp-block-button__link wp-element-button\">Nous rejoindre<\/a><\/div>\n<\/div>\n<\/div>\n\n\n\n<div class=\"wp-block-column is-vertically-aligned-center is-layout-flow wp-block-column-is-layout-flow\" style=\"flex-basis:33.33%\">\n<figure class=\"wp-block-image alignfull size-full\"><img loading=\"lazy\" decoding=\"async\" width=\"1587\" height=\"2245\" src=\"http:\/\/rotaryclubtaroudantdoyen.com\/wp-content\/uploads\/2026\/02\/Montage-photos-pour-le-site.png\" alt=\"\" class=\"wp-image-161\" srcset=\"https:\/\/rotaryclubtaroudantdoyen.com\/wp-content\/uploads\/2026\/02\/Montage-photos-pour-le-site.png 1587w, https:\/\/rotaryclubtaroudantdoyen.com\/wp-content\/uploads\/2026\/02\/Montage-photos-pour-le-site-212x300.png 212w, https:\/\/rotaryclubtaroudantdoyen.com\/wp-content\/uploads\/2026\/02\/Montage-photos-pour-le-site-724x1024.png 724w, https:\/\/rotaryclubtaroudantdoyen.com\/wp-content\/uploads\/2026\/02\/Montage-photos-pour-le-site-768x1086.png 768w, https:\/\/rotaryclubtaroudantdoyen.com\/wp-content\/uploads\/2026\/02\/Montage-photos-pour-le-site-1086x1536.png 1086w, https:\/\/rotaryclubtaroudantdoyen.com\/wp-content\/uploads\/2026\/02\/Montage-photos-pour-le-site-1448x2048.png 1448w\" sizes=\"auto, (max-width: 1587px) 100vw, 1587px\" \/><\/figure>\n<\/div>\n<\/div>\n\n\n\n<div class=\"wp-block-columns has-ast-global-color-4-color has-text-color has-link-color wp-elements-be7f7d751af7d5fa2e03a60e730f0580 is-layout-flex wp-container-core-columns-is-layout-cb391cf5 wp-block-columns-is-layout-flex\" style=\"padding-top:10%;padding-right:10%;padding-bottom:10%;padding-left:10%\">\n<div class=\"wp-block-column is-vertically-aligned-center is-layout-flow wp-block-column-is-layout-flow\" style=\"padding-right:40px;padding-left:40px;flex-basis:33.33%\">\n<figure class=\"wp-block-image size-large wp-elements-8259408aff69d0f5b7940fb6e8c8d7c3\" style=\"font-size:50px\"><img loading=\"lazy\" decoding=\"async\" width=\"1024\" height=\"683\" src=\"http:\/\/rotaryclubtaroudantdoyen.com\/wp-content\/uploads\/2026\/02\/20220407_US_088-1024x683.jpg\" alt=\"\" class=\"wp-image-142\" srcset=\"https:\/\/rotaryclubtaroudantdoyen.com\/wp-content\/uploads\/2026\/02\/20220407_US_088-1024x683.jpg 1024w, https:\/\/rotaryclubtaroudantdoyen.com\/wp-content\/uploads\/2026\/02\/20220407_US_088-300x200.jpg 300w, https:\/\/rotaryclubtaroudantdoyen.com\/wp-content\/uploads\/2026\/02\/20220407_US_088-768x512.jpg 768w, https:\/\/rotaryclubtaroudantdoyen.com\/wp-content\/uploads\/2026\/02\/20220407_US_088-1536x1024.jpg 1536w, https:\/\/rotaryclubtaroudantdoyen.com\/wp-content\/uploads\/2026\/02\/20220407_US_088-2048x1365.jpg 2048w\" sizes=\"auto, (max-width: 1024px) 100vw, 1024px\" \/><\/figure>\n<\/div>\n\n\n\n<div class=\"wp-block-column is-layout-flow wp-block-column-is-layout-flow\" style=\"padding-right:40px;padding-left:40px;flex-basis:66.66%\">\n<h2 class=\"wp-block-heading alignfull\" style=\"font-size:50px\">Le Rotary Club International<\/h2>\n\n\n\n<p class=\"has-ast-global-color-3-color has-text-color has-link-color wp-elements-640d765abe48709696f92dfcea84fd38\">Le <strong>Rotary<\/strong> s&rsquo;affirme comme un <strong>r\u00e9seau mondial d&rsquo;exception<\/strong>, regroupant plus de <strong>1,2 million de d\u00e9cideurs solidaires<\/strong> et de leaders d&rsquo;opinion issus de toutes les cultures. Ensemble, nous partageons une <strong>vision commune<\/strong> : celle d&rsquo;un monde o\u00f9 les individus s&rsquo;unissent pour devenir des <strong>acteurs du changement<\/strong>. En mobilisant nos ressources et notre \u00e9nergie, nous nous engageons \u00e0 <strong>passer \u00e0 l&rsquo;action<\/strong> pour g\u00e9n\u00e9rer un <strong>impact positif et durable<\/strong>, aussi bien \u00e0 l&rsquo;autre bout de la plan\u00e8te qu&rsquo;au c\u0153ur de nos propres <strong>communaut\u00e9s<\/strong>. Cet engagement ne transforme pas seulement la soci\u00e9t\u00e9 ; il constitue \u00e9galement un <strong>cheminement personnel<\/strong>, permettant \u00e0 chaque membre de se r\u00e9aliser \u00e0 travers le service aux autres et de cultiver des valeurs humaines d&rsquo;excellence.<\/p>\n\n\n\n<div style=\"height:35px\" aria-hidden=\"true\" class=\"wp-block-spacer\"><\/div>\n\n\n\n<div class=\"wp-block-buttons is-layout-flex wp-block-buttons-is-layout-flex\">\n<div class=\"wp-block-button\"><a class=\"wp-block-button__link wp-element-button\">Site internet du Rotary<\/a><\/div>\n<\/div>\n<\/div>\n<\/div>\n","protected":false},"excerpt":{"rendered":"<p>Notre club Le Rotary Club Taroudant Doyen constitue une synergie dynamique de femmes et d\u2019hommes engag\u00e9s, issus de parcours professionnels [&hellip;]<\/p>\n","protected":false},"author":1,"featured_media":0,"parent":0,"menu_order":0,"comment_status":"closed","ping_status":"closed","template":"","meta":{"site-sidebar-layout":"default","site-content-layout":"","ast-site-content-layout":"default","site-content-style":"default","site-sidebar-style":"default","ast-global-header-display":"","ast-banner-title-visibility":"","ast-main-header-display":"","ast-hfb-above-header-display":"","ast-hfb-below-header-display":"","ast-hfb-mobile-header-display":"","site-post-title":"disabled","ast-breadcrumbs-content":"","ast-featured-img":"","footer-sml-layout":"","ast-disable-related-posts":"","theme-transparent-header-meta":"","adv-header-id-meta":"","stick-header-meta":"","header-above-stick-meta":"","header-main-stick-meta":"","header-below-stick-meta":"","astra-migrate-meta-layouts":"default","ast-page-background-enabled":"default","ast-page-background-meta":{"desktop":{"background-color":"var(--ast-global-color-5)","background-image":"","background-repeat":"repeat","background-position":"center center","background-size":"auto","background-attachment":"scroll","background-type":"","background-media":"","overlay-type":"","overlay-color":"","overlay-opacity":"","overlay-gradient":""},"tablet":{"background-color":"","background-image":"","background-repeat":"repeat","background-position":"center center","background-size":"auto","background-attachment":"scroll","background-type":"","background-media":"","overlay-type":"","overlay-color":"","overlay-opacity":"","overlay-gradient":""},"mobile":{"background-color":"","background-image":"","background-repeat":"repeat","background-position":"center center","background-size":"auto","background-attachment":"scroll","background-type":"","background-media":"","overlay-type":"","overlay-color":"","overlay-opacity":"","overlay-gradient":""}},"ast-content-background-meta":{"desktop":{"background-color":"var(--ast-global-color-4)","background-image":"","background-repeat":"repeat","background-position":"center center","background-size":"auto","background-attachment":"scroll","background-type":"","background-media":"","overlay-type":"","overlay-color":"","overlay-opacity":"","overlay-gradient":""},"tablet":{"background-color":"var(--ast-global-color-4)","background-image":"","background-repeat":"repeat","background-position":"center center","background-size":"auto","background-attachment":"scroll","background-type":"","background-media":"","overlay-type":"","overlay-color":"","overlay-opacity":"","overlay-gradient":""},"mobile":{"background-color":"var(--ast-global-color-4)","background-image":"","background-repeat":"repeat","background-position":"center center","background-size":"auto","background-attachment":"scroll","background-type":"","background-media":"","overlay-type":"","overlay-color":"","overlay-opacity":"","overlay-gradient":""}},"footnotes":""},"class_list":["post-102","page","type-page","status-publish","hentry"],"_links":{"self":[{"href":"https:\/\/rotaryclubtaroudantdoyen.com\/index.php\/wp-json\/wp\/v2\/pages\/102","targetHints":{"allow":["GET"]}}],"collection":[{"href":"https:\/\/rotaryclubtaroudantdoyen.com\/index.php\/wp-json\/wp\/v2\/pages"}],"about":[{"href":"https:\/\/rotaryclubtaroudantdoyen.com\/index.php\/wp-json\/wp\/v2\/types\/page"}],"author":[{"embeddable":true,"href":"https:\/\/rotaryclubtaroudantdoyen.com\/index.php\/wp-json\/wp\/v2\/users\/1"}],"replies":[{"embeddable":true,"href":"https:\/\/rotaryclubtaroudantdoyen.com\/index.php\/wp-json\/wp\/v2\/comments?post=102"}],"version-history":[{"count":9,"href":"https:\/\/rotaryclubtaroudantdoyen.com\/index.php\/wp-json\/wp\/v2\/pages\/102\/revisions"}],"predecessor-version":[{"id":165,"href":"https:\/\/rotaryclubtaroudantdoyen.com\/index.php\/wp-json\/wp\/v2\/pages\/102\/revisions\/165"}],"wp:attachment":[{"href":"https:\/\/rotaryclubtaroudantdoyen.com\/index.php\/wp-json\/wp\/v2\/media?parent=102"}],"curies":[{"name":"wp","href":"https:\/\/api.w.org\/{rel}","templated":true}]}}